{"id":340,"date":"2025-10-14T14:00:45","date_gmt":"2025-10-14T14:00:45","guid":{"rendered":"https:\/\/officemanager.se\/?post_type=product&#038;p=340"},"modified":"2026-02-09T13:07:02","modified_gmt":"2026-02-09T13:07:02","slug":"stabilo-boss-original","status":"publish","type":"product","link":"https:\/\/officemanager.se\/index.php\/produkt\/stabilo-boss-original\/","title":{"rendered":"STABILO BOSS ORIGINAL, 4 f\u00e4rger\/set"},"content":{"rendered":"<p>\u00d6verstrykningspennan \u00e4r rustad med Anti-dry teknik vilket g\u00f6r att den t\u00e5l flitigt anv\u00e4ndande i upp till 4 timmar utan att spetsen torkar. Den snedskurna spetsen g\u00f6r det enkelt att markera texter i varierande storlek och \u00e4r extra t\u00e5lig och slitstark. Tv\u00e5 linjebredder 2 + 5 mm vilket g\u00f6r det perfekt att markera texter i olika storlekar och att rita linjer i olika tjocklekar.\u00a0 Vattenbaserat bl\u00e4ck. F\u00f6rpackning med fyra neonf\u00e4rger.<\/p>\n","protected":false},"excerpt":{"rendered":"<p>STABILO BOSS ORIGINAL, set om 4 st f\u00e4rgade \u00f6verstrykningspennor<\/p>\n","protected":false},"featured_media":341,"comment_status":"open","ping_status":"closed","template":"","meta":[],"product_brand":[55],"product_cat":[31,90,27],"product_tag":[56,30],"class_list":{"0":"post-340","1":"product","2":"type-product","3":"status-publish","4":"has-post-thumbnail","6":"product_brand-stabilo-boss","7":"product_cat-kontoret","8":"product_cat-ekonomi-bokforing","9":"product_cat-pennor","10":"product_tag-overstrykningspenna","11":"product_tag-penna","13":"first","14":"instock","15":"taxable","16":"shipping-taxable","17":"product-type-simple"},"jetpack_sharing_enabled":true,"_links":{"self":[{"href":"https:\/\/officemanager.se\/index.php\/wp-json\/wp\/v2\/product\/340","targetHints":{"allow":["GET"]}}],"collection":[{"href":"https:\/\/officemanager.se\/index.php\/wp-json\/wp\/v2\/product"}],"about":[{"href":"https:\/\/officemanager.se\/index.php\/wp-json\/wp\/v2\/types\/product"}],"replies":[{"embeddable":true,"href":"https:\/\/officemanager.se\/index.php\/wp-json\/wp\/v2\/comments?post=340"}],"wp:featuredmedia":[{"embeddable":true,"href":"https:\/\/officemanager.se\/index.php\/wp-json\/wp\/v2\/media\/341"}],"wp:attachment":[{"href":"https:\/\/officemanager.se\/index.php\/wp-json\/wp\/v2\/media?parent=340"}],"wp:term":[{"taxonomy":"product_brand","embeddable":true,"href":"https:\/\/officemanager.se\/index.php\/wp-json\/wp\/v2\/product_brand?post=340"},{"taxonomy":"product_cat","embeddable":true,"href":"https:\/\/officemanager.se\/index.php\/wp-json\/wp\/v2\/product_cat?post=340"},{"taxonomy":"product_tag","embeddable":true,"href":"https:\/\/officemanager.se\/index.php\/wp-json\/wp\/v2\/product_tag?post=340"}],"curies":[{"name":"wp","href":"https:\/\/api.w.org\/{rel}","templated":true}]}}