{"id":342,"date":"2025-10-14T14:01:14","date_gmt":"2025-10-14T14:01:14","guid":{"rendered":"https:\/\/officemanager.se\/?post_type=product&#038;p=342"},"modified":"2026-02-09T13:07:11","modified_gmt":"2026-02-09T13:07:11","slug":"stabilo-boss-original-kopia","status":"publish","type":"product","link":"https:\/\/officemanager.se\/index.php\/produkt\/stabilo-boss-original-kopia\/","title":{"rendered":"STABILO BOSS ORIGINAL \u00f6verstrykningspenna"},"content":{"rendered":"<p>STABILO BOSS ORIGINAL, f\u00e4rgad \u00f6verstrykningspenna. \u00d6verstrykningspennan \u00e4r rustad med Anti-dry teknik vilket g\u00f6r att den t\u00e5l flitigt anv\u00e4ndande i upp till 4 timmar utan att spetsen torkar. Den snedskurna spetsen g\u00f6r det enkelt att markera texter i varierande storlek och \u00e4r extra t\u00e5lig och slitstark.<\/p>\n","protected":false},"excerpt":{"rendered":"<p>STABILO BOSS ORIGINAL, f\u00e4rgad \u00f6verstrykningspenna. \u00d6verstrykningspennan \u00e4r rustad med Anti-dry teknik vilket g\u00f6r att den t\u00e5l flitigt anv\u00e4ndande i upp till 4 timmar utan att spetsen torkar. Den snedskurna spetsen g\u00f6r det enkelt att markera texter i varierande storlek och \u00e4r extra t\u00e5lig och slitstark.<\/p>\n","protected":false},"featured_media":351,"comment_status":"open","ping_status":"closed","template":"","meta":[],"product_brand":[55],"product_cat":[31,90,27],"product_tag":[56,30],"class_list":{"0":"post-342","1":"product","2":"type-product","3":"status-publish","4":"has-post-thumbnail","6":"product_brand-stabilo-boss","7":"product_cat-kontoret","8":"product_cat-ekonomi-bokforing","9":"product_cat-pennor","10":"product_tag-overstrykningspenna","11":"product_tag-penna","13":"first","14":"instock","15":"taxable","16":"shipping-taxable","17":"product-type-variable"},"jetpack_sharing_enabled":true,"_links":{"self":[{"href":"https:\/\/officemanager.se\/index.php\/wp-json\/wp\/v2\/product\/342","targetHints":{"allow":["GET"]}}],"collection":[{"href":"https:\/\/officemanager.se\/index.php\/wp-json\/wp\/v2\/product"}],"about":[{"href":"https:\/\/officemanager.se\/index.php\/wp-json\/wp\/v2\/types\/product"}],"replies":[{"embeddable":true,"href":"https:\/\/officemanager.se\/index.php\/wp-json\/wp\/v2\/comments?post=342"}],"wp:featuredmedia":[{"embeddable":true,"href":"https:\/\/officemanager.se\/index.php\/wp-json\/wp\/v2\/media\/351"}],"wp:attachment":[{"href":"https:\/\/officemanager.se\/index.php\/wp-json\/wp\/v2\/media?parent=342"}],"wp:term":[{"taxonomy":"product_brand","embeddable":true,"href":"https:\/\/officemanager.se\/index.php\/wp-json\/wp\/v2\/product_brand?post=342"},{"taxonomy":"product_cat","embeddable":true,"href":"https:\/\/officemanager.se\/index.php\/wp-json\/wp\/v2\/product_cat?post=342"},{"taxonomy":"product_tag","embeddable":true,"href":"https:\/\/officemanager.se\/index.php\/wp-json\/wp\/v2\/product_tag?post=342"}],"curies":[{"name":"wp","href":"https:\/\/api.w.org\/{rel}","templated":true}]}}