{"id":352,"date":"2025-10-14T14:32:54","date_gmt":"2025-10-14T14:32:54","guid":{"rendered":"https:\/\/officemanager.se\/?post_type=product&#038;p=352"},"modified":"2026-02-09T13:04:40","modified_gmt":"2026-02-09T13:04:40","slug":"pilot-g2-07","status":"publish","type":"product","link":"https:\/\/officemanager.se\/index.php\/produkt\/pilot-g2-07\/","title":{"rendered":"Pilot G2, 0,7"},"content":{"rendered":"<p>Pilot G2 Gel \u2013 P\u00e5fyllningsbar gelbl\u00e4ckpenna med klickmekanism i \u00e5tervunnen plast, 0,7 mm spets.<br \/>\nKulpenna med st\u00e5lspets och gelbaserat bl\u00e4ck. Pennan ligger bra i din hand tack vare det mjuka gummigreppet och ger dig en skrivbredd p\u00e5 0,4 mm.<\/p>\n","protected":false},"excerpt":{"rendered":"<p>Pilot G2 Gel \u2013 P\u00e5fyllningsbar gelbl\u00e4ckpenna, 0,7 mm spets<\/p>\n","protected":false},"featured_media":354,"comment_status":"open","ping_status":"closed","template":"","meta":[],"product_brand":[28],"product_cat":[31,90,27],"product_tag":[30],"class_list":{"0":"post-352","1":"product","2":"type-product","3":"status-publish","4":"has-post-thumbnail","6":"product_brand-pilot","7":"product_cat-kontoret","8":"product_cat-ekonomi-bokforing","9":"product_cat-pennor","10":"product_tag-penna","12":"first","13":"instock","14":"taxable","15":"shipping-taxable","16":"product-type-variable"},"jetpack_sharing_enabled":true,"_links":{"self":[{"href":"https:\/\/officemanager.se\/index.php\/wp-json\/wp\/v2\/product\/352","targetHints":{"allow":["GET"]}}],"collection":[{"href":"https:\/\/officemanager.se\/index.php\/wp-json\/wp\/v2\/product"}],"about":[{"href":"https:\/\/officemanager.se\/index.php\/wp-json\/wp\/v2\/types\/product"}],"replies":[{"embeddable":true,"href":"https:\/\/officemanager.se\/index.php\/wp-json\/wp\/v2\/comments?post=352"}],"wp:featuredmedia":[{"embeddable":true,"href":"https:\/\/officemanager.se\/index.php\/wp-json\/wp\/v2\/media\/354"}],"wp:attachment":[{"href":"https:\/\/officemanager.se\/index.php\/wp-json\/wp\/v2\/media?parent=352"}],"wp:term":[{"taxonomy":"product_brand","embeddable":true,"href":"https:\/\/officemanager.se\/index.php\/wp-json\/wp\/v2\/product_brand?post=352"},{"taxonomy":"product_cat","embeddable":true,"href":"https:\/\/officemanager.se\/index.php\/wp-json\/wp\/v2\/product_cat?post=352"},{"taxonomy":"product_tag","embeddable":true,"href":"https:\/\/officemanager.se\/index.php\/wp-json\/wp\/v2\/product_tag?post=352"}],"curies":[{"name":"wp","href":"https:\/\/api.w.org\/{rel}","templated":true}]}}