{"id":355,"date":"2025-10-14T14:32:57","date_gmt":"2025-10-14T14:32:57","guid":{"rendered":"https:\/\/officemanager.se\/?post_type=product&#038;p=355"},"modified":"2026-01-21T14:19:50","modified_gmt":"2026-01-21T14:19:50","slug":"pilot-g2-05","status":"publish","type":"product","link":"https:\/\/officemanager.se\/index.php\/produkt\/pilot-g2-05\/","title":{"rendered":"Pilot G2, 0,5"},"content":{"rendered":"<p>Pilot G2 Gel \u2013 P\u00e5fyllningsbar gelbl\u00e4ckpenna med klickmekanism i \u00e5tervunnen plast, 0,5 mm spets.<br \/>\nKulpenna med st\u00e5lspets och gelbaserat bl\u00e4ck. Gummigrepp och klickmekanism. Spetsbredd 0,5mm ger en skrivbredd p\u00e5 0,3mm. Skrivl\u00e4ngd c:a 900 meter.<\/p>\n","protected":false},"excerpt":{"rendered":"<p>Pilot G2 Gel \u2013 P\u00e5fyllningsbar gelbl\u00e4ckpenna, 0,5 mm spets<\/p>\n","protected":false},"featured_media":353,"comment_status":"open","ping_status":"closed","template":"","meta":[],"product_brand":[28],"product_cat":[27],"product_tag":[30],"class_list":{"0":"post-355","1":"product","2":"type-product","3":"status-publish","4":"has-post-thumbnail","6":"product_brand-pilot","7":"product_cat-pennor","8":"product_tag-penna","10":"first","11":"instock","12":"taxable","13":"shipping-taxable","14":"product-type-variable"},"jetpack_sharing_enabled":true,"_links":{"self":[{"href":"https:\/\/officemanager.se\/index.php\/wp-json\/wp\/v2\/product\/355","targetHints":{"allow":["GET"]}}],"collection":[{"href":"https:\/\/officemanager.se\/index.php\/wp-json\/wp\/v2\/product"}],"about":[{"href":"https:\/\/officemanager.se\/index.php\/wp-json\/wp\/v2\/types\/product"}],"replies":[{"embeddable":true,"href":"https:\/\/officemanager.se\/index.php\/wp-json\/wp\/v2\/comments?post=355"}],"wp:featuredmedia":[{"embeddable":true,"href":"https:\/\/officemanager.se\/index.php\/wp-json\/wp\/v2\/media\/353"}],"wp:attachment":[{"href":"https:\/\/officemanager.se\/index.php\/wp-json\/wp\/v2\/media?parent=355"}],"wp:term":[{"taxonomy":"product_brand","embeddable":true,"href":"https:\/\/officemanager.se\/index.php\/wp-json\/wp\/v2\/product_brand?post=355"},{"taxonomy":"product_cat","embeddable":true,"href":"https:\/\/officemanager.se\/index.php\/wp-json\/wp\/v2\/product_cat?post=355"},{"taxonomy":"product_tag","embeddable":true,"href":"https:\/\/officemanager.se\/index.php\/wp-json\/wp\/v2\/product_tag?post=355"}],"curies":[{"name":"wp","href":"https:\/\/api.w.org\/{rel}","templated":true}]}}