{"id":371,"date":"2025-10-14T15:11:23","date_gmt":"2025-10-14T15:11:23","guid":{"rendered":"https:\/\/officemanager.se\/?post_type=product&#038;p=371"},"modified":"2026-02-09T13:04:54","modified_gmt":"2026-02-09T13:04:54","slug":"pilot-super-grip-m","status":"publish","type":"product","link":"https:\/\/officemanager.se\/index.php\/produkt\/pilot-super-grip-m\/","title":{"rendered":"Pilot Super Grip M"},"content":{"rendered":"<p>Pilot Super Grip M \u00e4r en kulspetspenna med klickmekanism och f\u00e4rgbest\u00e4ndigt oljebaserat bl\u00e4ck. Den 1,0 mm tunna spetsen i kombination med bl\u00e4cket ger en fin skrivupplevelse. Pennans kula \u00e4r av h\u00e5llbar metall. Pilot Super Grip M \u00e4r bekv\u00e4mt formad med fingergrepp av gummi och en kl\u00e4mma.<br \/>\nKlassisk kulspetspenna fr\u00e5n PILOT med transparent pennkropp som g\u00f6r att du enkelt ser hur mycket bl\u00e4ck som finns kvar. Bl\u00e4cket \u00e4r arkivbest\u00e4ndigt.<\/p>\n","protected":false},"excerpt":{"rendered":"<p>Pilot Super Grip M \u00e4r en kulspetspenna med klickmekanism och f\u00e4rgbest\u00e4ndigt oljebaserat bl\u00e4ck.<\/p>\n","protected":false},"featured_media":1100,"comment_status":"open","ping_status":"closed","template":"","meta":[],"product_brand":[28],"product_cat":[31,90,27],"product_tag":[30],"class_list":{"0":"post-371","1":"product","2":"type-product","3":"status-publish","4":"has-post-thumbnail","6":"product_brand-pilot","7":"product_cat-kontoret","8":"product_cat-ekonomi-bokforing","9":"product_cat-pennor","10":"product_tag-penna","12":"first","13":"instock","14":"taxable","15":"shipping-taxable","16":"product-type-variable"},"jetpack_sharing_enabled":true,"_links":{"self":[{"href":"https:\/\/officemanager.se\/index.php\/wp-json\/wp\/v2\/product\/371","targetHints":{"allow":["GET"]}}],"collection":[{"href":"https:\/\/officemanager.se\/index.php\/wp-json\/wp\/v2\/product"}],"about":[{"href":"https:\/\/officemanager.se\/index.php\/wp-json\/wp\/v2\/types\/product"}],"replies":[{"embeddable":true,"href":"https:\/\/officemanager.se\/index.php\/wp-json\/wp\/v2\/comments?post=371"}],"wp:featuredmedia":[{"embeddable":true,"href":"https:\/\/officemanager.se\/index.php\/wp-json\/wp\/v2\/media\/1100"}],"wp:attachment":[{"href":"https:\/\/officemanager.se\/index.php\/wp-json\/wp\/v2\/media?parent=371"}],"wp:term":[{"taxonomy":"product_brand","embeddable":true,"href":"https:\/\/officemanager.se\/index.php\/wp-json\/wp\/v2\/product_brand?post=371"},{"taxonomy":"product_cat","embeddable":true,"href":"https:\/\/officemanager.se\/index.php\/wp-json\/wp\/v2\/product_cat?post=371"},{"taxonomy":"product_tag","embeddable":true,"href":"https:\/\/officemanager.se\/index.php\/wp-json\/wp\/v2\/product_tag?post=371"}],"curies":[{"name":"wp","href":"https:\/\/api.w.org\/{rel}","templated":true}]}}