{"id":374,"date":"2025-10-14T15:42:51","date_gmt":"2025-10-14T15:42:51","guid":{"rendered":"https:\/\/officemanager.se\/?post_type=product&#038;p=374"},"modified":"2026-02-09T13:06:23","modified_gmt":"2026-02-09T13:06:23","slug":"pilot-frixion-zone","status":"publish","type":"product","link":"https:\/\/officemanager.se\/index.php\/produkt\/pilot-frixion-zone\/","title":{"rendered":"FriXion Zone, premium, suddbar gelpenna, p\u00e5fyllningsbar"},"content":{"rendered":"<p>Frixion Zone \u00e4r en helt ny penna fr\u00e5n Pilot. Den har 30% m\u00f6rkare svart bl\u00e4ck. Clicker Zone har en sk\u00f6n greppv\u00e4nlig pennkropp i gummi och ett mjukare klick &#8211; allt f\u00f6r att ge en s\u00e5 behaglig skrivupplevelse som m\u00f6jligt.<\/p>\n<p>Uppt\u00e4ck den nya premiumpennan FriXion med exklusivt och patenterat raderbart bl\u00e4ck fr\u00e5n Pilot f\u00f6r en o\u00f6vertr\u00e4ffat ren skrivupplevelse. FriXion Zone har en diskret och minimalistisk design, med en metallring i V-form som st\u00f6djer allt fr\u00e5n anteckningar till listor p\u00e5 jobbet. Indragbar och p\u00e5fyllningsbar, FriXion Zone \u00e4r utformad med ny teknologi, inklusive spetsf\u00e4stesystem, reducering av klickljud och kl\u00e4mstopp f\u00f6r \u00e4nnu b\u00e4ttre skrivkomfort p\u00e5 kontoret. Den nya premiumrefillen p\u00e5 0,7 mm i metall \u00e4r kompatibel med alla FriXion Ball- och Ball Clicker-pennor och \u00e4r designad f\u00f6r att skriva 30 % m\u00f6rkare (f\u00f6r svart f\u00e4rg) och h\u00e5lla 40 % l\u00e4ngre. Med sitt elastomergrepp och sl\u00e4ta kropp finns FriXion Zone i 4 f\u00e4rger.<\/p>\n<p>Med FriXion-pennor fr\u00e5n Pilot kan du skriva, sudda och skriva om s\u00e5 m\u00e5nga g\u00e5nger du vill. Tack vare det v\u00e4rmek\u00e4nsliga bl\u00e4cket suddar du enkelt bort misstag utan att skada anteckningsboken eller beh\u00f6va riva ut en sida. Anv\u00e4nd suddtoppen, och b\u00f6rja skriva igen direkt \u2013 p\u00e5 samma st\u00e4lle och med samma penna.<\/p>\n","protected":false},"excerpt":{"rendered":"<p>Premiumpennan FriXion Zone, suddbar, p\u00e5fyllningsbar<\/p>\n","protected":false},"featured_media":377,"comment_status":"open","ping_status":"closed","template":"","meta":[],"product_brand":[28],"product_cat":[31,90,27],"product_tag":[30],"class_list":{"0":"post-374","1":"product","2":"type-product","3":"status-publish","4":"has-post-thumbnail","6":"product_brand-pilot","7":"product_cat-kontoret","8":"product_cat-ekonomi-bokforing","9":"product_cat-pennor","10":"product_tag-penna","12":"first","13":"instock","14":"taxable","15":"shipping-taxable","16":"product-type-variable"},"jetpack_sharing_enabled":true,"_links":{"self":[{"href":"https:\/\/officemanager.se\/index.php\/wp-json\/wp\/v2\/product\/374","targetHints":{"allow":["GET"]}}],"collection":[{"href":"https:\/\/officemanager.se\/index.php\/wp-json\/wp\/v2\/product"}],"about":[{"href":"https:\/\/officemanager.se\/index.php\/wp-json\/wp\/v2\/types\/product"}],"replies":[{"embeddable":true,"href":"https:\/\/officemanager.se\/index.php\/wp-json\/wp\/v2\/comments?post=374"}],"wp:featuredmedia":[{"embeddable":true,"href":"https:\/\/officemanager.se\/index.php\/wp-json\/wp\/v2\/media\/377"}],"wp:attachment":[{"href":"https:\/\/officemanager.se\/index.php\/wp-json\/wp\/v2\/media?parent=374"}],"wp:term":[{"taxonomy":"product_brand","embeddable":true,"href":"https:\/\/officemanager.se\/index.php\/wp-json\/wp\/v2\/product_brand?post=374"},{"taxonomy":"product_cat","embeddable":true,"href":"https:\/\/officemanager.se\/index.php\/wp-json\/wp\/v2\/product_cat?post=374"},{"taxonomy":"product_tag","embeddable":true,"href":"https:\/\/officemanager.se\/index.php\/wp-json\/wp\/v2\/product_tag?post=374"}],"curies":[{"name":"wp","href":"https:\/\/api.w.org\/{rel}","templated":true}]}}