{"id":393,"date":"2025-10-16T17:29:18","date_gmt":"2025-10-16T17:29:18","guid":{"rendered":"https:\/\/officemanager.se\/?post_type=product&#038;p=393"},"modified":"2025-11-13T16:08:27","modified_gmt":"2025-11-13T16:08:27","slug":"fellowes-galaxy","status":"publish","type":"product","link":"https:\/\/officemanager.se\/index.php\/produkt\/fellowes-galaxy\/","title":{"rendered":"Fellowes Galaxy &#8211; Premium"},"content":{"rendered":"<p>Robust inbindningsmaskin f\u00f6r plastspiraler som ger ett proffsigt resultat varje g\u00e5ng. Kan h\u00e5la 28 ark (80g) och har en total bindningskapacitet p\u00e5 500 ark med en maximal spiralstorlek p\u00e5 50 mm. Passar b\u00e5de A4 och A5 storlek samt A3 p\u00e5 kortsidan. Tack vara den flytbara plattformen kan 2 anv\u00e4ndare h\u00e5la och binda samtidigt. Praktiskt utrymme f\u00f6r f\u00f6rvaring av spiraler och papper. Inkluderar start kit f\u00f6r inbindning av 20 dokument. H\/B\/D: 152x526x446mm. Vikt: 10 kg. Maskinen har 2 \u00e5rs garanti.<\/p>\n","protected":false},"excerpt":{"rendered":"<p><span data-sheets-root=\"1\">Fellowes Galaxy Inbindningsmaskin Plastspiral<\/span><\/p>\n","protected":false},"featured_media":394,"comment_status":"open","ping_status":"closed","template":"","meta":[],"product_brand":[61],"product_cat":[32,57],"product_tag":[62],"class_list":{"0":"post-393","1":"product","2":"type-product","3":"status-publish","4":"has-post-thumbnail","6":"product_brand-fellowes","7":"product_cat-for-advokater","8":"product_cat-inbindning-laminering","9":"product_tag-inbindning","11":"first","12":"instock","13":"taxable","14":"shipping-taxable","15":"product-type-simple"},"jetpack_sharing_enabled":true,"_links":{"self":[{"href":"https:\/\/officemanager.se\/index.php\/wp-json\/wp\/v2\/product\/393","targetHints":{"allow":["GET"]}}],"collection":[{"href":"https:\/\/officemanager.se\/index.php\/wp-json\/wp\/v2\/product"}],"about":[{"href":"https:\/\/officemanager.se\/index.php\/wp-json\/wp\/v2\/types\/product"}],"replies":[{"embeddable":true,"href":"https:\/\/officemanager.se\/index.php\/wp-json\/wp\/v2\/comments?post=393"}],"wp:featuredmedia":[{"embeddable":true,"href":"https:\/\/officemanager.se\/index.php\/wp-json\/wp\/v2\/media\/394"}],"wp:attachment":[{"href":"https:\/\/officemanager.se\/index.php\/wp-json\/wp\/v2\/media?parent=393"}],"wp:term":[{"taxonomy":"product_brand","embeddable":true,"href":"https:\/\/officemanager.se\/index.php\/wp-json\/wp\/v2\/product_brand?post=393"},{"taxonomy":"product_cat","embeddable":true,"href":"https:\/\/officemanager.se\/index.php\/wp-json\/wp\/v2\/product_cat?post=393"},{"taxonomy":"product_tag","embeddable":true,"href":"https:\/\/officemanager.se\/index.php\/wp-json\/wp\/v2\/product_tag?post=393"}],"curies":[{"name":"wp","href":"https:\/\/api.w.org\/{rel}","templated":true}]}}