{"id":408,"date":"2025-10-17T13:06:44","date_gmt":"2025-10-17T13:06:44","guid":{"rendered":"https:\/\/officemanager.se\/?post_type=product&#038;p=408"},"modified":"2026-02-09T13:33:04","modified_gmt":"2026-02-09T13:33:04","slug":"powerclean-tryckluft","status":"publish","type":"product","link":"https:\/\/officemanager.se\/index.php\/produkt\/powerclean-tryckluft\/","title":{"rendered":"Powerclean &#8211; tryckluft"},"content":{"rendered":"<p><span data-sheets-root=\"1\">Tryckluft f\u00f6r reng\u00f6ring av k\u00e4nsliga eller sv\u00e5r\u00e5tkomliga ytor. Bl\u00e5ser bort damm och smuts fr\u00e5n tangentbordet m.m. Med f\u00f6rl\u00e4ngningsr\u00f6r. \u00c4r HFC-fri. Skydda fr\u00e5n solljus.<\/span><\/p>\n","protected":false},"excerpt":{"rendered":"<p><span data-sheets-root=\"1\">Tryckluft f\u00f6r reng\u00f6ring av k\u00e4nsliga eller sv\u00e5r\u00e5tkomliga ytor<\/span><\/p>\n","protected":false},"featured_media":406,"comment_status":"open","ping_status":"closed","template":"","meta":[],"product_brand":[],"product_cat":[31,90,44],"product_tag":[45,58],"class_list":{"0":"post-408","1":"product","2":"type-product","3":"status-publish","4":"has-post-thumbnail","6":"product_cat-kontoret","7":"product_cat-ekonomi-bokforing","8":"product_cat-rengoring","9":"product_tag-rengoring","10":"product_tag-tryckluft","12":"first","13":"instock","14":"taxable","15":"shipping-taxable","16":"product-type-simple"},"jetpack_sharing_enabled":true,"_links":{"self":[{"href":"https:\/\/officemanager.se\/index.php\/wp-json\/wp\/v2\/product\/408","targetHints":{"allow":["GET"]}}],"collection":[{"href":"https:\/\/officemanager.se\/index.php\/wp-json\/wp\/v2\/product"}],"about":[{"href":"https:\/\/officemanager.se\/index.php\/wp-json\/wp\/v2\/types\/product"}],"replies":[{"embeddable":true,"href":"https:\/\/officemanager.se\/index.php\/wp-json\/wp\/v2\/comments?post=408"}],"wp:featuredmedia":[{"embeddable":true,"href":"https:\/\/officemanager.se\/index.php\/wp-json\/wp\/v2\/media\/406"}],"wp:attachment":[{"href":"https:\/\/officemanager.se\/index.php\/wp-json\/wp\/v2\/media?parent=408"}],"wp:term":[{"taxonomy":"product_brand","embeddable":true,"href":"https:\/\/officemanager.se\/index.php\/wp-json\/wp\/v2\/product_brand?post=408"},{"taxonomy":"product_cat","embeddable":true,"href":"https:\/\/officemanager.se\/index.php\/wp-json\/wp\/v2\/product_cat?post=408"},{"taxonomy":"product_tag","embeddable":true,"href":"https:\/\/officemanager.se\/index.php\/wp-json\/wp\/v2\/product_tag?post=408"}],"curies":[{"name":"wp","href":"https:\/\/api.w.org\/{rel}","templated":true}]}}