{"id":410,"date":"2025-10-17T13:08:46","date_gmt":"2025-10-17T13:08:46","guid":{"rendered":"https:\/\/officemanager.se\/?post_type=product&#038;p=410"},"modified":"2026-01-23T10:18:31","modified_gmt":"2026-01-23T10:18:31","slug":"power-absorb","status":"publish","type":"product","link":"https:\/\/officemanager.se\/index.php\/produkt\/power-absorb\/","title":{"rendered":"Power Absorb"},"content":{"rendered":"<p>F\u00f6r reng\u00f6ring av urin, blod, kr\u00e4k, olja mm. Absorberar 60 g\u00e5nger sin egen vikt, f\u00f6roreningen blir en hanterbar gel\u00e9klump som l\u00e4tt kan tas upp.<\/p>\n","protected":false},"excerpt":{"rendered":"<p>F\u00f6r reng\u00f6ring av urin, blod, kr\u00e4k, olja mm. Absorberar 60 g\u00e5nger sin egen vikt, f\u00f6roreningen blir en hanterbar gel\u00e9klump som l\u00e4tt kan tas upp.<\/p>\n","protected":false},"featured_media":405,"comment_status":"open","ping_status":"closed","template":"","meta":[],"product_brand":[],"product_cat":[33,44],"product_tag":[45],"class_list":{"0":"post-410","1":"product","2":"type-product","3":"status-publish","4":"has-post-thumbnail","6":"product_cat-for-skola-forskola","7":"product_cat-rengoring","8":"product_tag-rengoring","10":"first","11":"instock","12":"taxable","13":"shipping-taxable","14":"product-type-simple"},"jetpack_sharing_enabled":true,"_links":{"self":[{"href":"https:\/\/officemanager.se\/index.php\/wp-json\/wp\/v2\/product\/410","targetHints":{"allow":["GET"]}}],"collection":[{"href":"https:\/\/officemanager.se\/index.php\/wp-json\/wp\/v2\/product"}],"about":[{"href":"https:\/\/officemanager.se\/index.php\/wp-json\/wp\/v2\/types\/product"}],"replies":[{"embeddable":true,"href":"https:\/\/officemanager.se\/index.php\/wp-json\/wp\/v2\/comments?post=410"}],"wp:featuredmedia":[{"embeddable":true,"href":"https:\/\/officemanager.se\/index.php\/wp-json\/wp\/v2\/media\/405"}],"wp:attachment":[{"href":"https:\/\/officemanager.se\/index.php\/wp-json\/wp\/v2\/media?parent=410"}],"wp:term":[{"taxonomy":"product_brand","embeddable":true,"href":"https:\/\/officemanager.se\/index.php\/wp-json\/wp\/v2\/product_brand?post=410"},{"taxonomy":"product_cat","embeddable":true,"href":"https:\/\/officemanager.se\/index.php\/wp-json\/wp\/v2\/product_cat?post=410"},{"taxonomy":"product_tag","embeddable":true,"href":"https:\/\/officemanager.se\/index.php\/wp-json\/wp\/v2\/product_tag?post=410"}],"curies":[{"name":"wp","href":"https:\/\/api.w.org\/{rel}","templated":true}]}}