{"id":411,"date":"2025-10-17T13:21:46","date_gmt":"2025-10-17T13:21:46","guid":{"rendered":"https:\/\/officemanager.se\/?post_type=product&#038;p=411"},"modified":"2025-12-29T09:52:47","modified_gmt":"2025-12-29T09:52:47","slug":"atoma-a4","status":"publish","type":"product","link":"https:\/\/officemanager.se\/index.php\/produkt\/atoma-a4\/","title":{"rendered":"Atoma A4"},"content":{"rendered":"<p><span data-sheets-root=\"1\">Block A4 &#8211; Block med flyttbara sidor.\u00a0 Med ett ADOC Block kan du flytta dina papper, dvs om du \u00e4r f\u00e4rdig med en anteckning g\u00e5r det bra att riva ur sidan och flytta pappret l\u00e4ngre bak i blocket s\u00e5 att du alltid har ett nytt oskrivet blad l\u00e4ngst fram. <\/span><\/p>\n","protected":false},"excerpt":{"rendered":"<p>Antteckningsblock A4 \u2013 Block med flyttbara sidor<\/p>\n","protected":false},"featured_media":772,"comment_status":"open","ping_status":"closed","template":"","meta":[],"product_brand":[59],"product_cat":[23],"product_tag":[22],"class_list":{"0":"post-411","1":"product","2":"type-product","3":"status-publish","4":"has-post-thumbnail","6":"product_brand-atoma","7":"product_cat-anteckningar-block","8":"product_tag-anteckningsblock","10":"first","11":"instock","12":"taxable","13":"shipping-taxable","14":"product-type-variable"},"jetpack_sharing_enabled":true,"_links":{"self":[{"href":"https:\/\/officemanager.se\/index.php\/wp-json\/wp\/v2\/product\/411","targetHints":{"allow":["GET"]}}],"collection":[{"href":"https:\/\/officemanager.se\/index.php\/wp-json\/wp\/v2\/product"}],"about":[{"href":"https:\/\/officemanager.se\/index.php\/wp-json\/wp\/v2\/types\/product"}],"replies":[{"embeddable":true,"href":"https:\/\/officemanager.se\/index.php\/wp-json\/wp\/v2\/comments?post=411"}],"wp:featuredmedia":[{"embeddable":true,"href":"https:\/\/officemanager.se\/index.php\/wp-json\/wp\/v2\/media\/772"}],"wp:attachment":[{"href":"https:\/\/officemanager.se\/index.php\/wp-json\/wp\/v2\/media?parent=411"}],"wp:term":[{"taxonomy":"product_brand","embeddable":true,"href":"https:\/\/officemanager.se\/index.php\/wp-json\/wp\/v2\/product_brand?post=411"},{"taxonomy":"product_cat","embeddable":true,"href":"https:\/\/officemanager.se\/index.php\/wp-json\/wp\/v2\/product_cat?post=411"},{"taxonomy":"product_tag","embeddable":true,"href":"https:\/\/officemanager.se\/index.php\/wp-json\/wp\/v2\/product_tag?post=411"}],"curies":[{"name":"wp","href":"https:\/\/api.w.org\/{rel}","templated":true}]}}