{"id":432,"date":"2025-10-24T13:51:22","date_gmt":"2025-10-24T13:51:22","guid":{"rendered":"https:\/\/officemanager.se\/?post_type=product&#038;p=432"},"modified":"2026-02-09T12:18:12","modified_gmt":"2026-02-09T12:18:12","slug":"cello-pen","status":"publish","type":"product","link":"https:\/\/officemanager.se\/index.php\/produkt\/cello-pen\/","title":{"rendered":"Cello Pen, p\u00e5fyllningsbar, finns i flera f\u00e4rger"},"content":{"rendered":"<p>Cello-pennor \u00e4r k\u00e4nda f\u00f6r sin smidiga bl\u00e4ckfl\u00f6de som g\u00f6r skrivandet l\u00e4tt och behagligt, utan hack eller bl\u00e4ckklumpar. Perfekt f\u00f6r b\u00e5de h\u00f6ger- och v\u00e4nsterh\u00e4nta. Bl\u00e4cket torkar snabbt och motverkar utsmetning p\u00e5 papperet. P\u00e5fyllningsbar<\/p>\n","protected":false},"excerpt":{"rendered":"<p>Cello Pen \u00e4r en stilren och p\u00e5litlig kulspetspenna som kombinerar komfort med modern design. Pennan finns i flera snygga metallic-f\u00e4rger som ger ett exklusivt och trendigt uttryck. P\u00e5fyllningsbar.<\/p>\n","protected":false},"featured_media":1183,"comment_status":"open","ping_status":"closed","template":"","meta":[],"product_brand":[],"product_cat":[31,32,90,27],"product_tag":[30],"class_list":{"0":"post-432","1":"product","2":"type-product","3":"status-publish","4":"has-post-thumbnail","6":"product_cat-kontoret","7":"product_cat-for-advokater","8":"product_cat-ekonomi-bokforing","9":"product_cat-pennor","10":"product_tag-penna","12":"first","13":"instock","14":"taxable","15":"shipping-taxable","16":"product-type-variable"},"jetpack_sharing_enabled":true,"_links":{"self":[{"href":"https:\/\/officemanager.se\/index.php\/wp-json\/wp\/v2\/product\/432","targetHints":{"allow":["GET"]}}],"collection":[{"href":"https:\/\/officemanager.se\/index.php\/wp-json\/wp\/v2\/product"}],"about":[{"href":"https:\/\/officemanager.se\/index.php\/wp-json\/wp\/v2\/types\/product"}],"replies":[{"embeddable":true,"href":"https:\/\/officemanager.se\/index.php\/wp-json\/wp\/v2\/comments?post=432"}],"wp:featuredmedia":[{"embeddable":true,"href":"https:\/\/officemanager.se\/index.php\/wp-json\/wp\/v2\/media\/1183"}],"wp:attachment":[{"href":"https:\/\/officemanager.se\/index.php\/wp-json\/wp\/v2\/media?parent=432"}],"wp:term":[{"taxonomy":"product_brand","embeddable":true,"href":"https:\/\/officemanager.se\/index.php\/wp-json\/wp\/v2\/product_brand?post=432"},{"taxonomy":"product_cat","embeddable":true,"href":"https:\/\/officemanager.se\/index.php\/wp-json\/wp\/v2\/product_cat?post=432"},{"taxonomy":"product_tag","embeddable":true,"href":"https:\/\/officemanager.se\/index.php\/wp-json\/wp\/v2\/product_tag?post=432"}],"curies":[{"name":"wp","href":"https:\/\/api.w.org\/{rel}","templated":true}]}}