{"id":551,"date":"2025-10-27T13:47:29","date_gmt":"2025-10-27T13:47:29","guid":{"rendered":"https:\/\/officemanager.se\/?post_type=product&#038;p=551"},"modified":"2025-12-17T07:31:30","modified_gmt":"2025-12-17T07:31:30","slug":"premium-dokumentmapp","status":"publish","type":"product","link":"https:\/\/officemanager.se\/index.php\/produkt\/premium-dokumentmapp\/","title":{"rendered":"Premium Dokumentmapp"},"content":{"rendered":"<p><span data-sheets-root=\"1\">Svart konstl\u00e4derm\u00f6nstrad mapp med trefliksmapp till v\u00e4nster och expandermapp (rymmer upp till 100 ark) till h\u00f6ger p\u00e5 insidan samt visitkortsficka p\u00e5 framsidan. <\/span><\/p>\n","protected":false},"excerpt":{"rendered":"<p><span data-sheets-root=\"1\">Svart konstl\u00e4derm\u00f6nstrad mapp med trefliksmapp och expandermapp, samt ficka f\u00f6r visitkort.<\/span><\/p>\n","protected":false},"featured_media":999,"comment_status":"open","ping_status":"closed","template":"","meta":[],"product_brand":[],"product_cat":[32,17],"product_tag":[18],"class_list":{"0":"post-551","1":"product","2":"type-product","3":"status-publish","4":"has-post-thumbnail","6":"product_cat-for-advokater","7":"product_cat-mappar","8":"product_tag-plastmapp","10":"first","11":"instock","12":"taxable","13":"shipping-taxable","14":"product-type-simple"},"jetpack_sharing_enabled":true,"_links":{"self":[{"href":"https:\/\/officemanager.se\/index.php\/wp-json\/wp\/v2\/product\/551","targetHints":{"allow":["GET"]}}],"collection":[{"href":"https:\/\/officemanager.se\/index.php\/wp-json\/wp\/v2\/product"}],"about":[{"href":"https:\/\/officemanager.se\/index.php\/wp-json\/wp\/v2\/types\/product"}],"replies":[{"embeddable":true,"href":"https:\/\/officemanager.se\/index.php\/wp-json\/wp\/v2\/comments?post=551"}],"wp:featuredmedia":[{"embeddable":true,"href":"https:\/\/officemanager.se\/index.php\/wp-json\/wp\/v2\/media\/999"}],"wp:attachment":[{"href":"https:\/\/officemanager.se\/index.php\/wp-json\/wp\/v2\/media?parent=551"}],"wp:term":[{"taxonomy":"product_brand","embeddable":true,"href":"https:\/\/officemanager.se\/index.php\/wp-json\/wp\/v2\/product_brand?post=551"},{"taxonomy":"product_cat","embeddable":true,"href":"https:\/\/officemanager.se\/index.php\/wp-json\/wp\/v2\/product_cat?post=551"},{"taxonomy":"product_tag","embeddable":true,"href":"https:\/\/officemanager.se\/index.php\/wp-json\/wp\/v2\/product_tag?post=551"}],"curies":[{"name":"wp","href":"https:\/\/api.w.org\/{rel}","templated":true}]}}