{"id":561,"date":"2025-10-28T14:09:53","date_gmt":"2025-10-28T14:09:53","guid":{"rendered":"https:\/\/officemanager.se\/?post_type=product&#038;p=561"},"modified":"2026-02-05T11:28:09","modified_gmt":"2026-02-05T11:28:09","slug":"twin-tape-refill","status":"publish","type":"product","link":"https:\/\/officemanager.se\/index.php\/produkt\/twin-tape-refill\/","title":{"rendered":"Twin Tape &#8211; Refill"},"content":{"rendered":"<p><span data-sheets-root=\"1\">Refill till Twin Tape. H\u00e4ftmassa, &#8221;Fr\u00f6kenkludd&#8221; fast l\u00e4mnar inga sp\u00e5r och m\u00e4rken p\u00e5 underlagen, utan kladd, dra med h\u00e5llaren, 15 meter.<\/span><\/p>\n","protected":false},"excerpt":{"rendered":"<p>Refill till Twin Tape. H\u00e4ftmassa, &#8221;Fr\u00f6kenkludd&#8221; fast l\u00e4mnar inga sp\u00e5r och m\u00e4rken p\u00e5 underlagen, utan kladd, dra med h\u00e5llaren, 15 meter.<\/p>\n","protected":false},"featured_media":1703,"comment_status":"open","ping_status":"closed","template":"","meta":[],"product_brand":[],"product_cat":[33,43],"product_tag":[46,42,47],"class_list":{"0":"post-561","1":"product","2":"type-product","3":"status-publish","4":"has-post-thumbnail","6":"product_cat-for-skola-forskola","7":"product_cat-anslag-upphangning","8":"product_tag-anslag","9":"product_tag-refill","10":"product_tag-upphangning","12":"first","13":"instock","14":"taxable","15":"shipping-taxable","16":"product-type-simple"},"jetpack_sharing_enabled":true,"_links":{"self":[{"href":"https:\/\/officemanager.se\/index.php\/wp-json\/wp\/v2\/product\/561","targetHints":{"allow":["GET"]}}],"collection":[{"href":"https:\/\/officemanager.se\/index.php\/wp-json\/wp\/v2\/product"}],"about":[{"href":"https:\/\/officemanager.se\/index.php\/wp-json\/wp\/v2\/types\/product"}],"replies":[{"embeddable":true,"href":"https:\/\/officemanager.se\/index.php\/wp-json\/wp\/v2\/comments?post=561"}],"wp:featuredmedia":[{"embeddable":true,"href":"https:\/\/officemanager.se\/index.php\/wp-json\/wp\/v2\/media\/1703"}],"wp:attachment":[{"href":"https:\/\/officemanager.se\/index.php\/wp-json\/wp\/v2\/media?parent=561"}],"wp:term":[{"taxonomy":"product_brand","embeddable":true,"href":"https:\/\/officemanager.se\/index.php\/wp-json\/wp\/v2\/product_brand?post=561"},{"taxonomy":"product_cat","embeddable":true,"href":"https:\/\/officemanager.se\/index.php\/wp-json\/wp\/v2\/product_cat?post=561"},{"taxonomy":"product_tag","embeddable":true,"href":"https:\/\/officemanager.se\/index.php\/wp-json\/wp\/v2\/product_tag?post=561"}],"curies":[{"name":"wp","href":"https:\/\/api.w.org\/{rel}","templated":true}]}}