{"id":569,"date":"2025-10-29T09:12:34","date_gmt":"2025-10-29T09:12:34","guid":{"rendered":"https:\/\/officemanager.se\/?post_type=product&#038;p=569"},"modified":"2026-02-09T13:05:55","modified_gmt":"2026-02-09T13:05:55","slug":"energize-automatisk-stiftpenna-07-05","status":"publish","type":"product","link":"https:\/\/officemanager.se\/index.php\/produkt\/energize-automatisk-stiftpenna-07-05\/","title":{"rendered":"EnerGize &#8211; automatisk stiftpenna 0,7"},"content":{"rendered":"<p>EnerGize fr\u00e5n Pentel \u00e4r en stilren stiftpenna med r\u00f6rligt st\u00e5lr\u00f6r med automatiskt stiftmatning s\u00e5 du beh\u00f6ver inte klicka fram vartefter. Med radergummi p\u00e5 toppen. Metallclip och bekv\u00e4mt gummigrepp. Stift: 0,7 mm.<\/p>\n","protected":false},"excerpt":{"rendered":"<p>EnerGize fr\u00e5n Pentel \u00e4r en stilren stiftpenna med automatiskt stiftmatning.<\/p>\n","protected":false},"featured_media":585,"comment_status":"open","ping_status":"closed","template":"","meta":[],"product_brand":[60],"product_cat":[31,90,27],"product_tag":[30],"class_list":{"0":"post-569","1":"product","2":"type-product","3":"status-publish","4":"has-post-thumbnail","6":"product_brand-pentel","7":"product_cat-kontoret","8":"product_cat-ekonomi-bokforing","9":"product_cat-pennor","10":"product_tag-penna","12":"first","13":"instock","14":"taxable","15":"shipping-taxable","16":"product-type-variable"},"jetpack_sharing_enabled":true,"_links":{"self":[{"href":"https:\/\/officemanager.se\/index.php\/wp-json\/wp\/v2\/product\/569","targetHints":{"allow":["GET"]}}],"collection":[{"href":"https:\/\/officemanager.se\/index.php\/wp-json\/wp\/v2\/product"}],"about":[{"href":"https:\/\/officemanager.se\/index.php\/wp-json\/wp\/v2\/types\/product"}],"replies":[{"embeddable":true,"href":"https:\/\/officemanager.se\/index.php\/wp-json\/wp\/v2\/comments?post=569"}],"wp:featuredmedia":[{"embeddable":true,"href":"https:\/\/officemanager.se\/index.php\/wp-json\/wp\/v2\/media\/585"}],"wp:attachment":[{"href":"https:\/\/officemanager.se\/index.php\/wp-json\/wp\/v2\/media?parent=569"}],"wp:term":[{"taxonomy":"product_brand","embeddable":true,"href":"https:\/\/officemanager.se\/index.php\/wp-json\/wp\/v2\/product_brand?post=569"},{"taxonomy":"product_cat","embeddable":true,"href":"https:\/\/officemanager.se\/index.php\/wp-json\/wp\/v2\/product_cat?post=569"},{"taxonomy":"product_tag","embeddable":true,"href":"https:\/\/officemanager.se\/index.php\/wp-json\/wp\/v2\/product_tag?post=569"}],"curies":[{"name":"wp","href":"https:\/\/api.w.org\/{rel}","templated":true}]}}