{"id":591,"date":"2025-10-29T10:09:50","date_gmt":"2025-10-29T10:09:50","guid":{"rendered":"https:\/\/officemanager.se\/?post_type=product&#038;p=591"},"modified":"2026-02-09T14:54:14","modified_gmt":"2026-02-09T14:54:14","slug":"energel-07","status":"publish","type":"product","link":"https:\/\/officemanager.se\/index.php\/produkt\/energel-07\/","title":{"rendered":"EnerGel 0,7, finns i flera f\u00e4rger"},"content":{"rendered":"<p>Tr\u00e4ffa superstj\u00e4rnan EnerGel BL77!<br \/>\nEn l\u00e4tt och l\u00e4cker sak med brett gummigrepp som b\u00e5de ligger sk\u00f6nt i handen och \u00e4r bekv\u00e4m att skriva med. Det unika gelbl\u00e4cket i EnerGel torkar blixtsnabbt och ger en mjuk, glidande l\u00e4tt skrivk\u00e4nsla. V\u00e4nsterh\u00e4nta \u00e4r extra glada i EnerGel eftersom bl\u00e4cket torkar s\u00e5 snabbt att skriften inte smetas ut med underhanden n\u00e4r man skriver. Med hela 20 f\u00e4rger att v\u00e4lja mellan finns det en f\u00e4rg f\u00f6r varje tillf\u00e4lle.<\/p>\n","protected":false},"excerpt":{"rendered":"<p><span data-sheets-root=\"1\">Pentel Gelpenna EnerGel BL77 0,7<\/span><\/p>\n","protected":false},"featured_media":1794,"comment_status":"open","ping_status":"closed","template":"","meta":[],"product_brand":[60],"product_cat":[31,90,27],"product_tag":[30],"class_list":{"0":"post-591","1":"product","2":"type-product","3":"status-publish","4":"has-post-thumbnail","6":"product_brand-pentel","7":"product_cat-kontoret","8":"product_cat-ekonomi-bokforing","9":"product_cat-pennor","10":"product_tag-penna","12":"first","13":"instock","14":"taxable","15":"shipping-taxable","16":"product-type-variable"},"jetpack_sharing_enabled":true,"_links":{"self":[{"href":"https:\/\/officemanager.se\/index.php\/wp-json\/wp\/v2\/product\/591","targetHints":{"allow":["GET"]}}],"collection":[{"href":"https:\/\/officemanager.se\/index.php\/wp-json\/wp\/v2\/product"}],"about":[{"href":"https:\/\/officemanager.se\/index.php\/wp-json\/wp\/v2\/types\/product"}],"replies":[{"embeddable":true,"href":"https:\/\/officemanager.se\/index.php\/wp-json\/wp\/v2\/comments?post=591"}],"wp:featuredmedia":[{"embeddable":true,"href":"https:\/\/officemanager.se\/index.php\/wp-json\/wp\/v2\/media\/1794"}],"wp:attachment":[{"href":"https:\/\/officemanager.se\/index.php\/wp-json\/wp\/v2\/media?parent=591"}],"wp:term":[{"taxonomy":"product_brand","embeddable":true,"href":"https:\/\/officemanager.se\/index.php\/wp-json\/wp\/v2\/product_brand?post=591"},{"taxonomy":"product_cat","embeddable":true,"href":"https:\/\/officemanager.se\/index.php\/wp-json\/wp\/v2\/product_cat?post=591"},{"taxonomy":"product_tag","embeddable":true,"href":"https:\/\/officemanager.se\/index.php\/wp-json\/wp\/v2\/product_tag?post=591"}],"curies":[{"name":"wp","href":"https:\/\/api.w.org\/{rel}","templated":true}]}}