{"id":608,"date":"2025-10-29T14:53:07","date_gmt":"2025-10-29T14:53:07","guid":{"rendered":"https:\/\/officemanager.se\/?post_type=product&#038;p=608"},"modified":"2025-12-29T12:10:04","modified_gmt":"2025-12-29T12:10:04","slug":"fellowes-lyra-3-in-1","status":"publish","type":"product","link":"https:\/\/officemanager.se\/index.php\/produkt\/fellowes-lyra-3-in-1\/","title":{"rendered":"Fellowes Lyra 3-in-1 &#8211; Standard"},"content":{"rendered":"<p><span data-sheets-root=\"1\">Fellowes har skapat en unik 3-i-1-maskin designad f\u00f6r moderna arbetsplatser. Kombinerad bindnings-, h\u00e4ft- och h\u00e5lslagningsmaskin. &#8217;Perfect Align-systemet&#8217; guidar anv\u00e4ndaren till den optimala storleken p\u00e5 tillbeh\u00f6ret s\u00e5 att resultatet blir b\u00e4sta m\u00f6jliga. Maskinen kan binda upp till 300 ark med en maximal kamstorlek p\u00e5 38 cm. H\u00e5lslagaren klarar upp till 30 ark och det g\u00e5r att v\u00e4lja mellan 2 eller 4 h\u00e5l.<br \/>\nH\u00e4ftaren har EasyPress och kan h\u00e4fta upp till 30 ark. Kompatibel med h\u00e4ftklamrar i storlekarna 24\/6 och 26\/6. Levereras med 2 \u00e5rs garanti och 1000 h\u00e4ftklamrar.<br \/>\n<strong>OBS!<\/strong> H\u00e5lmaskinen \u00e4r EU standard och \u00e4r <em>inte<\/em> anpassad till svensk standard.<\/span><\/p>\n","protected":false},"excerpt":{"rendered":"<p><span data-sheets-root=\"1\">Fellowes Lyra 3-in-1 inbindningsmaskin<\/span><\/p>\n","protected":false},"featured_media":613,"comment_status":"open","ping_status":"closed","template":"","meta":[],"product_brand":[61],"product_cat":[57],"product_tag":[62],"class_list":{"0":"post-608","1":"product","2":"type-product","3":"status-publish","4":"has-post-thumbnail","6":"product_brand-fellowes","7":"product_cat-inbindning-laminering","8":"product_tag-inbindning","10":"first","11":"instock","12":"taxable","13":"shipping-taxable","14":"product-type-simple"},"jetpack_sharing_enabled":true,"_links":{"self":[{"href":"https:\/\/officemanager.se\/index.php\/wp-json\/wp\/v2\/product\/608","targetHints":{"allow":["GET"]}}],"collection":[{"href":"https:\/\/officemanager.se\/index.php\/wp-json\/wp\/v2\/product"}],"about":[{"href":"https:\/\/officemanager.se\/index.php\/wp-json\/wp\/v2\/types\/product"}],"replies":[{"embeddable":true,"href":"https:\/\/officemanager.se\/index.php\/wp-json\/wp\/v2\/comments?post=608"}],"wp:featuredmedia":[{"embeddable":true,"href":"https:\/\/officemanager.se\/index.php\/wp-json\/wp\/v2\/media\/613"}],"wp:attachment":[{"href":"https:\/\/officemanager.se\/index.php\/wp-json\/wp\/v2\/media?parent=608"}],"wp:term":[{"taxonomy":"product_brand","embeddable":true,"href":"https:\/\/officemanager.se\/index.php\/wp-json\/wp\/v2\/product_brand?post=608"},{"taxonomy":"product_cat","embeddable":true,"href":"https:\/\/officemanager.se\/index.php\/wp-json\/wp\/v2\/product_cat?post=608"},{"taxonomy":"product_tag","embeddable":true,"href":"https:\/\/officemanager.se\/index.php\/wp-json\/wp\/v2\/product_tag?post=608"}],"curies":[{"name":"wp","href":"https:\/\/api.w.org\/{rel}","templated":true}]}}