{"id":614,"date":"2025-10-29T15:04:29","date_gmt":"2025-10-29T15:04:29","guid":{"rendered":"https:\/\/officemanager.se\/?post_type=product&#038;p=614"},"modified":"2025-11-13T16:06:17","modified_gmt":"2025-11-13T16:06:17","slug":"fellowes-star-value","status":"publish","type":"product","link":"https:\/\/officemanager.se\/index.php\/produkt\/fellowes-star-value\/","title":{"rendered":"Fellowes Star &#8211; Value"},"content":{"rendered":"<p>Mindre inbindningsmaskin f\u00f6r plastspiraler som \u00e4r l\u00e4tt att anv\u00e4nda och perfekt att ha p\u00e5 hemmakontoret. Kan h\u00e5la 15 ark (80g) och har en maximal bindningskapacitet p\u00e5 150 ark med en maximal spiralstorlek p\u00e5 19 mm. F\u00f6rvaringsfack med m\u00e5ttguide f\u00f6r korrekt val av tillbeh\u00f6r. H\/B\/D: 80x448x280mm. Vikt: 4,94 kg. Maskinen har 2 \u00e5rs garanti.<\/p>\n","protected":false},"excerpt":{"rendered":"<p>Fellowes Star Value \u00e4r en mindre inbindningsmaskin f\u00f6r plastspiraler.<\/p>\n","protected":false},"featured_media":615,"comment_status":"open","ping_status":"closed","template":"","meta":[],"product_brand":[61],"product_cat":[57],"product_tag":[62],"class_list":{"0":"post-614","1":"product","2":"type-product","3":"status-publish","4":"has-post-thumbnail","6":"product_brand-fellowes","7":"product_cat-inbindning-laminering","8":"product_tag-inbindning","10":"first","11":"instock","12":"taxable","13":"shipping-taxable","14":"product-type-simple"},"jetpack_sharing_enabled":true,"_links":{"self":[{"href":"https:\/\/officemanager.se\/index.php\/wp-json\/wp\/v2\/product\/614","targetHints":{"allow":["GET"]}}],"collection":[{"href":"https:\/\/officemanager.se\/index.php\/wp-json\/wp\/v2\/product"}],"about":[{"href":"https:\/\/officemanager.se\/index.php\/wp-json\/wp\/v2\/types\/product"}],"replies":[{"embeddable":true,"href":"https:\/\/officemanager.se\/index.php\/wp-json\/wp\/v2\/comments?post=614"}],"wp:featuredmedia":[{"embeddable":true,"href":"https:\/\/officemanager.se\/index.php\/wp-json\/wp\/v2\/media\/615"}],"wp:attachment":[{"href":"https:\/\/officemanager.se\/index.php\/wp-json\/wp\/v2\/media?parent=614"}],"wp:term":[{"taxonomy":"product_brand","embeddable":true,"href":"https:\/\/officemanager.se\/index.php\/wp-json\/wp\/v2\/product_brand?post=614"},{"taxonomy":"product_cat","embeddable":true,"href":"https:\/\/officemanager.se\/index.php\/wp-json\/wp\/v2\/product_cat?post=614"},{"taxonomy":"product_tag","embeddable":true,"href":"https:\/\/officemanager.se\/index.php\/wp-json\/wp\/v2\/product_tag?post=614"}],"curies":[{"name":"wp","href":"https:\/\/api.w.org\/{rel}","templated":true}]}}