{"id":628,"date":"2025-10-29T15:38:42","date_gmt":"2025-10-29T15:38:42","guid":{"rendered":"https:\/\/officemanager.se\/?post_type=product&#038;p=628"},"modified":"2025-12-29T10:32:06","modified_gmt":"2025-12-29T10:32:06","slug":"628","status":"publish","type":"product","link":"https:\/\/officemanager.se\/index.php\/produkt\/628\/","title":{"rendered":"P\u00e4rm A4 med frontficka, 40 mm rygg"},"content":{"rendered":"<p>P\u00e4rm A4 med ficka f\u00f6r att s\u00e4tta i eget papper p\u00e5 p\u00e4rmens framsida<br \/>\n40 mm ryggbredd, Material: PP<br \/>\n30 mm svensk ringmekanism f\u00f6r trioh\u00e5lning 21-70-21, monterad p\u00e5 sid 3<\/p>\n","protected":false},"excerpt":{"rendered":"<p>P\u00e4rm A4 PP med frontficka, 40 mm rygg<\/p>\n","protected":false},"featured_media":632,"comment_status":"open","ping_status":"closed","template":"","meta":[],"product_brand":[],"product_cat":[63],"product_tag":[64],"class_list":{"0":"post-628","1":"product","2":"type-product","3":"status-publish","4":"has-post-thumbnail","6":"product_cat-parmar-register","7":"product_tag-parm","9":"first","10":"instock","11":"taxable","12":"shipping-taxable","13":"product-type-variable"},"jetpack_sharing_enabled":true,"_links":{"self":[{"href":"https:\/\/officemanager.se\/index.php\/wp-json\/wp\/v2\/product\/628","targetHints":{"allow":["GET"]}}],"collection":[{"href":"https:\/\/officemanager.se\/index.php\/wp-json\/wp\/v2\/product"}],"about":[{"href":"https:\/\/officemanager.se\/index.php\/wp-json\/wp\/v2\/types\/product"}],"replies":[{"embeddable":true,"href":"https:\/\/officemanager.se\/index.php\/wp-json\/wp\/v2\/comments?post=628"}],"wp:featuredmedia":[{"embeddable":true,"href":"https:\/\/officemanager.se\/index.php\/wp-json\/wp\/v2\/media\/632"}],"wp:attachment":[{"href":"https:\/\/officemanager.se\/index.php\/wp-json\/wp\/v2\/media?parent=628"}],"wp:term":[{"taxonomy":"product_brand","embeddable":true,"href":"https:\/\/officemanager.se\/index.php\/wp-json\/wp\/v2\/product_brand?post=628"},{"taxonomy":"product_cat","embeddable":true,"href":"https:\/\/officemanager.se\/index.php\/wp-json\/wp\/v2\/product_cat?post=628"},{"taxonomy":"product_tag","embeddable":true,"href":"https:\/\/officemanager.se\/index.php\/wp-json\/wp\/v2\/product_tag?post=628"}],"curies":[{"name":"wp","href":"https:\/\/api.w.org\/{rel}","templated":true}]}}