{"id":646,"date":"2025-10-30T09:46:29","date_gmt":"2025-10-30T09:46:29","guid":{"rendered":"https:\/\/officemanager.se\/?post_type=product&#038;p=646"},"modified":"2026-02-06T11:53:05","modified_gmt":"2026-02-06T11:53:05","slug":"register-31-1-kopia","status":"publish","type":"product","link":"https:\/\/officemanager.se\/index.php\/produkt\/register-31-1-kopia\/","title":{"rendered":"Register 31-1"},"content":{"rendered":"<p>Register, omv\u00e4nt fr\u00e5n 31-1. F\u00f6rsida i kraftigt papper och fliksidor i t\u00e5lig pp-plast. Universalh\u00e5lat f\u00f6r att passa alla p\u00e4rmar f\u00f6r A4-format.<br \/>\nTack vare den omv\u00e4nda funktionen s\u00e4tts nya dokument in enkelt utan att beh\u00f6va v\u00e4nda p\u00e5 tidigare insatta papper.<\/p>\n","protected":false},"excerpt":{"rendered":"<p>Register, omv\u00e4nt fr\u00e5n 31-1<\/p>\n","protected":false},"featured_media":644,"comment_status":"open","ping_status":"closed","template":"","meta":[],"product_brand":[],"product_cat":[31,90,63],"product_tag":[65],"class_list":{"0":"post-646","1":"product","2":"type-product","3":"status-publish","4":"has-post-thumbnail","6":"product_cat-kontoret","7":"product_cat-ekonomi-bokforing","8":"product_cat-parmar-register","9":"product_tag-register","11":"first","12":"instock","13":"taxable","14":"shipping-taxable","15":"product-type-simple"},"jetpack_sharing_enabled":true,"_links":{"self":[{"href":"https:\/\/officemanager.se\/index.php\/wp-json\/wp\/v2\/product\/646","targetHints":{"allow":["GET"]}}],"collection":[{"href":"https:\/\/officemanager.se\/index.php\/wp-json\/wp\/v2\/product"}],"about":[{"href":"https:\/\/officemanager.se\/index.php\/wp-json\/wp\/v2\/types\/product"}],"replies":[{"embeddable":true,"href":"https:\/\/officemanager.se\/index.php\/wp-json\/wp\/v2\/comments?post=646"}],"wp:featuredmedia":[{"embeddable":true,"href":"https:\/\/officemanager.se\/index.php\/wp-json\/wp\/v2\/media\/644"}],"wp:attachment":[{"href":"https:\/\/officemanager.se\/index.php\/wp-json\/wp\/v2\/media?parent=646"}],"wp:term":[{"taxonomy":"product_brand","embeddable":true,"href":"https:\/\/officemanager.se\/index.php\/wp-json\/wp\/v2\/product_brand?post=646"},{"taxonomy":"product_cat","embeddable":true,"href":"https:\/\/officemanager.se\/index.php\/wp-json\/wp\/v2\/product_cat?post=646"},{"taxonomy":"product_tag","embeddable":true,"href":"https:\/\/officemanager.se\/index.php\/wp-json\/wp\/v2\/product_tag?post=646"}],"curies":[{"name":"wp","href":"https:\/\/api.w.org\/{rel}","templated":true}]}}