{"id":701,"date":"2025-11-04T10:13:55","date_gmt":"2025-11-04T10:13:55","guid":{"rendered":"https:\/\/officemanager.se\/?post_type=product&#038;p=701"},"modified":"2026-02-09T12:10:37","modified_gmt":"2026-02-09T12:10:37","slug":"l-ficka-a4","status":"publish","type":"product","link":"https:\/\/officemanager.se\/index.php\/produkt\/l-ficka-a4\/","title":{"rendered":"L-ficka A4"},"content":{"rendered":"<p>Plastficka f\u00f6r A4-papper med \u00f6ppning i b\u00e5de inre l\u00e5ngsida och \u00f6verkant f\u00f6r \u00f6kad enkelhet. Med h\u00e5llist f\u00f6r att s\u00e4ttas i p\u00e4rm. <span data-sheets-root=\"1\">En kvalitetsficka i 180 \u00b5 tjockt material.<\/span><\/p>\n","protected":false},"excerpt":{"rendered":"<p><span data-sheets-root=\"1\">Plastficka anpassad f\u00f6r att f\u00f6rvara allt fr\u00e5n ett A4-ark till en st\u00f6rre bunt papper. Med h\u00e5llist f\u00f6r att s\u00e4ttas i p\u00e4rm, A4.<br \/>\n<\/span><\/p>\n","protected":false},"featured_media":1010,"comment_status":"open","ping_status":"closed","template":"","meta":[],"product_brand":[],"product_cat":[31,32,90,33,24],"product_tag":[25],"class_list":{"0":"post-701","1":"product","2":"type-product","3":"status-publish","4":"has-post-thumbnail","6":"product_cat-kontoret","7":"product_cat-for-advokater","8":"product_cat-ekonomi-bokforing","9":"product_cat-for-skola-forskola","10":"product_cat-fickor","11":"product_tag-plastficka","13":"first","14":"instock","15":"taxable","16":"shipping-taxable","17":"product-type-variable"},"jetpack_sharing_enabled":true,"_links":{"self":[{"href":"https:\/\/officemanager.se\/index.php\/wp-json\/wp\/v2\/product\/701","targetHints":{"allow":["GET"]}}],"collection":[{"href":"https:\/\/officemanager.se\/index.php\/wp-json\/wp\/v2\/product"}],"about":[{"href":"https:\/\/officemanager.se\/index.php\/wp-json\/wp\/v2\/types\/product"}],"replies":[{"embeddable":true,"href":"https:\/\/officemanager.se\/index.php\/wp-json\/wp\/v2\/comments?post=701"}],"wp:featuredmedia":[{"embeddable":true,"href":"https:\/\/officemanager.se\/index.php\/wp-json\/wp\/v2\/media\/1010"}],"wp:attachment":[{"href":"https:\/\/officemanager.se\/index.php\/wp-json\/wp\/v2\/media?parent=701"}],"wp:term":[{"taxonomy":"product_brand","embeddable":true,"href":"https:\/\/officemanager.se\/index.php\/wp-json\/wp\/v2\/product_brand?post=701"},{"taxonomy":"product_cat","embeddable":true,"href":"https:\/\/officemanager.se\/index.php\/wp-json\/wp\/v2\/product_cat?post=701"},{"taxonomy":"product_tag","embeddable":true,"href":"https:\/\/officemanager.se\/index.php\/wp-json\/wp\/v2\/product_tag?post=701"}],"curies":[{"name":"wp","href":"https:\/\/api.w.org\/{rel}","templated":true}]}}