{"id":710,"date":"2025-11-04T10:43:35","date_gmt":"2025-11-04T10:43:35","guid":{"rendered":"https:\/\/officemanager.se\/?post_type=product&#038;p=710"},"modified":"2026-01-28T14:43:14","modified_gmt":"2026-01-28T14:43:14","slug":"lamineringsfickor-a4-80-mikron-blank","status":"publish","type":"product","link":"https:\/\/officemanager.se\/index.php\/produkt\/lamineringsfickor-a4-80-mikron-blank\/","title":{"rendered":"Lamineringsfickor A4 80 Mikron Blank, 25\/fp"},"content":{"rendered":"<p>Admire lamineringsfickor fr\u00e5n Fellowes lyfter laminering till en ny niv\u00e5 med nya anv\u00e4ndningsm\u00f6jligheter.<br \/>\nEasy Display A4 lamineringsficka fr\u00e5n Fellowes. Sj\u00e4lvh\u00e4ftande lamineringsfickor som g\u00f6r det enkelt att s\u00e4tta upp info\/skyltar p\u00e5 v\u00e4ggar, d\u00f6rrar eller andra plana ytor. Lamineringsmaskin kr\u00e4vs<br \/>\n80 mikron<br \/>\n25 pack<\/p>\n","protected":false},"excerpt":{"rendered":"<p>Sj\u00e4lvh\u00e4ftande lamineringsfickor som g\u00f6r det enkelt att s\u00e4tta upp info\/skyltar p\u00e5 v\u00e4ggar, d\u00f6rrar eller andra plana ytor.<\/p>\n","protected":false},"featured_media":711,"comment_status":"open","ping_status":"closed","template":"","meta":[],"product_brand":[],"product_cat":[57],"product_tag":[68],"class_list":{"0":"post-710","1":"product","2":"type-product","3":"status-publish","4":"has-post-thumbnail","6":"product_cat-inbindning-laminering","7":"product_tag-laminering","9":"first","10":"instock","11":"taxable","12":"shipping-taxable","13":"product-type-simple"},"jetpack_sharing_enabled":true,"_links":{"self":[{"href":"https:\/\/officemanager.se\/index.php\/wp-json\/wp\/v2\/product\/710","targetHints":{"allow":["GET"]}}],"collection":[{"href":"https:\/\/officemanager.se\/index.php\/wp-json\/wp\/v2\/product"}],"about":[{"href":"https:\/\/officemanager.se\/index.php\/wp-json\/wp\/v2\/types\/product"}],"replies":[{"embeddable":true,"href":"https:\/\/officemanager.se\/index.php\/wp-json\/wp\/v2\/comments?post=710"}],"wp:featuredmedia":[{"embeddable":true,"href":"https:\/\/officemanager.se\/index.php\/wp-json\/wp\/v2\/media\/711"}],"wp:attachment":[{"href":"https:\/\/officemanager.se\/index.php\/wp-json\/wp\/v2\/media?parent=710"}],"wp:term":[{"taxonomy":"product_brand","embeddable":true,"href":"https:\/\/officemanager.se\/index.php\/wp-json\/wp\/v2\/product_brand?post=710"},{"taxonomy":"product_cat","embeddable":true,"href":"https:\/\/officemanager.se\/index.php\/wp-json\/wp\/v2\/product_cat?post=710"},{"taxonomy":"product_tag","embeddable":true,"href":"https:\/\/officemanager.se\/index.php\/wp-json\/wp\/v2\/product_tag?post=710"}],"curies":[{"name":"wp","href":"https:\/\/api.w.org\/{rel}","templated":true}]}}