{"id":736,"date":"2025-11-05T15:48:44","date_gmt":"2025-11-05T15:48:44","guid":{"rendered":"https:\/\/officemanager.se\/?post_type=product&#038;p=736"},"modified":"2025-12-29T08:24:55","modified_gmt":"2025-12-29T08:24:55","slug":"miljo-notiskub-fsc-400-blad-76x76mm-4-farger","status":"publish","type":"product","link":"https:\/\/officemanager.se\/index.php\/produkt\/miljo-notiskub-fsc-400-blad-76x76mm-4-farger\/","title":{"rendered":"Milj\u00f6 Notiskub FSC 400 Blad 76x76mm, 4 f\u00e4rger"},"content":{"rendered":"<div>Paket med klisterlappar i 4 pastellf\u00e4rger, storlek 76&#215;76 mm. Klistra p\u00e5 plast, kartong, glas, papper och m\u00e5nga fler ytor.\u00a0 L\u00e4tt att f\u00e4sta och ta bort utan att l\u00e4mna n\u00e5gra rester<\/div>\n<div>Tillverkad av milj\u00f6v\u00e4nliga ansvarsfulla k\u00e4llor, 100% vattenbaserat lim.\u00a0400 ark, pastellf\u00e4rger: gul, gr\u00f6n, orange och bl\u00e5<\/div>\n<div><\/div>\n","protected":false},"excerpt":{"rendered":"<p>Paket med klisterlappar i 4 pastellf\u00e4rger, storlek 76&#215;76 mm<\/p>\n","protected":false},"featured_media":739,"comment_status":"open","ping_status":"closed","template":"","meta":[],"product_brand":[34],"product_cat":[31,19],"product_tag":[20],"class_list":{"0":"post-736","1":"product","2":"type-product","3":"status-publish","4":"has-post-thumbnail","6":"product_brand-stickn","7":"product_cat-kontoret","8":"product_cat-notisar-indexflikar","9":"product_tag-notisar","11":"first","12":"instock","13":"taxable","14":"shipping-taxable","15":"product-type-simple"},"jetpack_sharing_enabled":true,"_links":{"self":[{"href":"https:\/\/officemanager.se\/index.php\/wp-json\/wp\/v2\/product\/736","targetHints":{"allow":["GET"]}}],"collection":[{"href":"https:\/\/officemanager.se\/index.php\/wp-json\/wp\/v2\/product"}],"about":[{"href":"https:\/\/officemanager.se\/index.php\/wp-json\/wp\/v2\/types\/product"}],"replies":[{"embeddable":true,"href":"https:\/\/officemanager.se\/index.php\/wp-json\/wp\/v2\/comments?post=736"}],"wp:featuredmedia":[{"embeddable":true,"href":"https:\/\/officemanager.se\/index.php\/wp-json\/wp\/v2\/media\/739"}],"wp:attachment":[{"href":"https:\/\/officemanager.se\/index.php\/wp-json\/wp\/v2\/media?parent=736"}],"wp:term":[{"taxonomy":"product_brand","embeddable":true,"href":"https:\/\/officemanager.se\/index.php\/wp-json\/wp\/v2\/product_brand?post=736"},{"taxonomy":"product_cat","embeddable":true,"href":"https:\/\/officemanager.se\/index.php\/wp-json\/wp\/v2\/product_cat?post=736"},{"taxonomy":"product_tag","embeddable":true,"href":"https:\/\/officemanager.se\/index.php\/wp-json\/wp\/v2\/product_tag?post=736"}],"curies":[{"name":"wp","href":"https:\/\/api.w.org\/{rel}","templated":true}]}}