{"id":773,"date":"2025-11-06T09:42:06","date_gmt":"2025-11-06T09:42:06","guid":{"rendered":"https:\/\/officemanager.se\/?post_type=product&#038;p=773"},"modified":"2026-02-09T11:51:56","modified_gmt":"2026-02-09T11:51:56","slug":"haftapparat-heavy-duty-svart","status":"publish","type":"product","link":"https:\/\/officemanager.se\/index.php\/produkt\/haftapparat-heavy-duty-svart\/","title":{"rendered":"H\u00e4ftapparat Heavy Duty, Svart"},"content":{"rendered":"<p>H\u00e4ftapparat i helpressad pl\u00e5t med gummidetaljer. Laddar 100 klammer, h\u00e4ftar med enkelhet upp till 50 ark. Mycket gedigen konstruktion i absolut h\u00f6gsta kvalitet. Ett patenterat frammatningssystem minimerar risk f\u00f6r vridningar eller blockering. Stabil och kraftfull h\u00e4ftapparat som kan laddas med f\u00f6ljande klammertyper: 23\/6, 24\/6, 26\/6, 12\/6, 23\/8, 24\/8, 26\/8 och 12\/8.<\/p>\n","protected":false},"excerpt":{"rendered":"<p>Stabil och kraftfull h\u00e4ftapparat i helpressad pl\u00e5t med gummidetaljer.<\/p>\n","protected":false},"featured_media":774,"comment_status":"open","ping_status":"closed","template":"","meta":[],"product_brand":[],"product_cat":[31,32,90,51],"product_tag":[67],"class_list":{"0":"post-773","1":"product","2":"type-product","3":"status-publish","4":"has-post-thumbnail","6":"product_cat-kontoret","7":"product_cat-for-advokater","8":"product_cat-ekonomi-bokforing","9":"product_cat-gem-haftapparater","10":"product_tag-haftapparat","12":"first","13":"instock","14":"taxable","15":"shipping-taxable","16":"product-type-simple"},"jetpack_sharing_enabled":true,"_links":{"self":[{"href":"https:\/\/officemanager.se\/index.php\/wp-json\/wp\/v2\/product\/773","targetHints":{"allow":["GET"]}}],"collection":[{"href":"https:\/\/officemanager.se\/index.php\/wp-json\/wp\/v2\/product"}],"about":[{"href":"https:\/\/officemanager.se\/index.php\/wp-json\/wp\/v2\/types\/product"}],"replies":[{"embeddable":true,"href":"https:\/\/officemanager.se\/index.php\/wp-json\/wp\/v2\/comments?post=773"}],"wp:featuredmedia":[{"embeddable":true,"href":"https:\/\/officemanager.se\/index.php\/wp-json\/wp\/v2\/media\/774"}],"wp:attachment":[{"href":"https:\/\/officemanager.se\/index.php\/wp-json\/wp\/v2\/media?parent=773"}],"wp:term":[{"taxonomy":"product_brand","embeddable":true,"href":"https:\/\/officemanager.se\/index.php\/wp-json\/wp\/v2\/product_brand?post=773"},{"taxonomy":"product_cat","embeddable":true,"href":"https:\/\/officemanager.se\/index.php\/wp-json\/wp\/v2\/product_cat?post=773"},{"taxonomy":"product_tag","embeddable":true,"href":"https:\/\/officemanager.se\/index.php\/wp-json\/wp\/v2\/product_tag?post=773"}],"curies":[{"name":"wp","href":"https:\/\/api.w.org\/{rel}","templated":true}]}}