{"id":791,"date":"2025-11-06T12:53:23","date_gmt":"2025-11-06T12:53:23","guid":{"rendered":"https:\/\/officemanager.se\/?post_type=product&#038;p=791"},"modified":"2026-01-07T09:43:47","modified_gmt":"2026-01-07T09:43:47","slug":"artline-700-permanent-marker-12-pack","status":"publish","type":"product","link":"https:\/\/officemanager.se\/index.php\/produkt\/artline-700-permanent-marker-12-pack\/","title":{"rendered":"ArtLine 700 &#8211; Permanent marker, 12-pack"},"content":{"rendered":"<p>Svart permanent m\u00e4rkpenna med 0,7 mm skrivbredd och rund spets.<br \/>\nSnabbtorkade, vattenfast, aluminiumkropp, p\u00e5fyllningsbar, alkoholbaserat permanent bl\u00e4ck utan Xylen. F\u00f6rpackningen inneh\u00e5ller 12 pennor.<\/p>\n","protected":false},"excerpt":{"rendered":"<p>Svart permanent m\u00e4rkpenna 0,7 mm<\/p>\n","protected":false},"featured_media":789,"comment_status":"open","ping_status":"closed","template":"","meta":[],"product_brand":[77],"product_cat":[27],"product_tag":[78,30],"class_list":{"0":"post-791","1":"product","2":"type-product","3":"status-publish","4":"has-post-thumbnail","6":"product_brand-artline","7":"product_cat-pennor","8":"product_tag-markpenna","9":"product_tag-penna","11":"first","12":"instock","13":"taxable","14":"shipping-taxable","15":"product-type-simple"},"jetpack_sharing_enabled":true,"_links":{"self":[{"href":"https:\/\/officemanager.se\/index.php\/wp-json\/wp\/v2\/product\/791","targetHints":{"allow":["GET"]}}],"collection":[{"href":"https:\/\/officemanager.se\/index.php\/wp-json\/wp\/v2\/product"}],"about":[{"href":"https:\/\/officemanager.se\/index.php\/wp-json\/wp\/v2\/types\/product"}],"replies":[{"embeddable":true,"href":"https:\/\/officemanager.se\/index.php\/wp-json\/wp\/v2\/comments?post=791"}],"wp:featuredmedia":[{"embeddable":true,"href":"https:\/\/officemanager.se\/index.php\/wp-json\/wp\/v2\/media\/789"}],"wp:attachment":[{"href":"https:\/\/officemanager.se\/index.php\/wp-json\/wp\/v2\/media?parent=791"}],"wp:term":[{"taxonomy":"product_brand","embeddable":true,"href":"https:\/\/officemanager.se\/index.php\/wp-json\/wp\/v2\/product_brand?post=791"},{"taxonomy":"product_cat","embeddable":true,"href":"https:\/\/officemanager.se\/index.php\/wp-json\/wp\/v2\/product_cat?post=791"},{"taxonomy":"product_tag","embeddable":true,"href":"https:\/\/officemanager.se\/index.php\/wp-json\/wp\/v2\/product_tag?post=791"}],"curies":[{"name":"wp","href":"https:\/\/api.w.org\/{rel}","templated":true}]}}