{"id":799,"date":"2025-11-12T15:15:27","date_gmt":"2025-11-12T15:15:27","guid":{"rendered":"https:\/\/officemanager.se\/?post_type=product&#038;p=799"},"modified":"2025-11-12T15:48:17","modified_gmt":"2025-11-12T15:48:17","slug":"frame-mobile-dubbelsidig-glastavla-whiteboard-med-ram-i-bojtra","status":"publish","type":"product","link":"https:\/\/officemanager.se\/index.php\/produkt\/frame-mobile-dubbelsidig-glastavla-whiteboard-med-ram-i-bojtra\/","title":{"rendered":"Frame Mobile  &#8211; Dubbelsidig glastavla whiteboard med ram i b\u00f6jtr\u00e4"},"content":{"rendered":"<p>Mobil dubbelsidig skrivtavla i glas med ram i b\u00f6jtr\u00e4. Ramen omfamnar skrivytan och ger den en tydligt definierad plats, samtidigt som den fungerar som handtag n\u00e4r tavlan ska flyttas runt mellan olika platser. FRAME finns i tv\u00e5 storlekar, var och en i tv\u00e5 utf\u00f6randen, gr\u00e5 f\u00f6tter\/hjul med matchande gr\u00e5 ram eller med f\u00f6tter i massiv ek och ram i ek. Glasen g\u00e5r att f\u00e5 i 24 olika standardf\u00e4rger. Design Halleroed och Matti Klenell.<br \/>\n<a href=\"https:\/\/officemanager.se\/wp-content\/uploads\/2025\/11\/LINTEX-FRAME-Mobile.pdf\">LINTEX FRAME Mobile<\/a><\/p>\n","protected":false},"excerpt":{"rendered":"<p>Dubbelsidig flyttbar glastavla whiteboard med ram i b\u00f6jtr\u00e4.<br \/>\nKontakta oss f\u00f6r r\u00e5dgivning och best\u00e4llning!<\/p>\n","protected":false},"featured_media":800,"comment_status":"open","ping_status":"closed","template":"","meta":[],"product_brand":[54],"product_cat":[32,26,52],"product_tag":[45,29],"class_list":{"0":"post-799","1":"product","2":"type-product","3":"status-publish","4":"has-post-thumbnail","6":"product_brand-lintex","7":"product_cat-for-advokater","8":"product_cat-whiteboard-tillbehor","9":"product_cat-lintex","10":"product_tag-rengoring","11":"product_tag-whiteboard","13":"first","14":"instock","15":"taxable","16":"shipping-taxable","17":"product-type-simple"},"jetpack_sharing_enabled":true,"_links":{"self":[{"href":"https:\/\/officemanager.se\/index.php\/wp-json\/wp\/v2\/product\/799","targetHints":{"allow":["GET"]}}],"collection":[{"href":"https:\/\/officemanager.se\/index.php\/wp-json\/wp\/v2\/product"}],"about":[{"href":"https:\/\/officemanager.se\/index.php\/wp-json\/wp\/v2\/types\/product"}],"replies":[{"embeddable":true,"href":"https:\/\/officemanager.se\/index.php\/wp-json\/wp\/v2\/comments?post=799"}],"wp:featuredmedia":[{"embeddable":true,"href":"https:\/\/officemanager.se\/index.php\/wp-json\/wp\/v2\/media\/800"}],"wp:attachment":[{"href":"https:\/\/officemanager.se\/index.php\/wp-json\/wp\/v2\/media?parent=799"}],"wp:term":[{"taxonomy":"product_brand","embeddable":true,"href":"https:\/\/officemanager.se\/index.php\/wp-json\/wp\/v2\/product_brand?post=799"},{"taxonomy":"product_cat","embeddable":true,"href":"https:\/\/officemanager.se\/index.php\/wp-json\/wp\/v2\/product_cat?post=799"},{"taxonomy":"product_tag","embeddable":true,"href":"https:\/\/officemanager.se\/index.php\/wp-json\/wp\/v2\/product_tag?post=799"}],"curies":[{"name":"wp","href":"https:\/\/api.w.org\/{rel}","templated":true}]}}