{"id":837,"date":"2025-11-13T15:56:42","date_gmt":"2025-11-13T15:56:42","guid":{"rendered":"https:\/\/officemanager.se\/?post_type=product&#038;p=837"},"modified":"2026-02-02T13:06:39","modified_gmt":"2026-02-02T13:06:39","slug":"refill-till-ballograf-kulspetspenna","status":"publish","type":"product","link":"https:\/\/officemanager.se\/index.php\/produkt\/refill-till-ballograf-kulspetspenna\/","title":{"rendered":"Refill till Ballograf kulspetspenna"},"content":{"rendered":"<p>F\u00f6r att skrivk\u00e4nslan ska bli s\u00e5 bra som den bara kan bli \u00e4r en refill av h\u00f6gsta kvalitet A och O. D\u00e4rf\u00f6r tillverkar Ballograf sina spetsar i rostfritt Japanskt st\u00e5l och kulorna \u00e4r i mycket h\u00e5rd volframkarbid.<\/p>\n<p>Det bl\u00e5 och svarta bl\u00e4cket \u00e4r certifierat Svenskt Arkiv vilket inneb\u00e4r att pennor med dessa bl\u00e4ck och mediumspets f\u00e5r lov att anv\u00e4ndas inom kommun och landsting eftersom bl\u00e4cket \u00e4r mycket ljusbest\u00e4ndigt.<\/p>\n<p>I \u00e4nden p\u00e5 varje patron sitter en fettklump som h\u00e5ller t\u00e4tt och ser till att bl\u00e4cket inte torkar, \u00e4ven om pennan blir liggande under l\u00e5ng tid.<\/p>\n<p>Varje patron skriver hela 8000 meter.<\/p>\n<p>Passar i alla Ballografpennor utom Ballograf Pocket.<\/p>\n","protected":false},"excerpt":{"rendered":"<p>Refill till Ballograf kulspetspennor. Det bl\u00e5 och svarta bl\u00e4cket \u00e4r certifierat Svenskt Arkiv.<\/p>\n","protected":false},"featured_media":842,"comment_status":"open","ping_status":"closed","template":"","meta":[],"product_brand":[79],"product_cat":[32,27],"product_tag":[80,42],"class_list":{"0":"post-837","1":"product","2":"type-product","3":"status-publish","4":"has-post-thumbnail","6":"product_brand-ballograf","7":"product_cat-for-advokater","8":"product_cat-pennor","9":"product_tag-kulspetspenna","10":"product_tag-refill","12":"first","13":"instock","14":"taxable","15":"shipping-taxable","16":"product-type-variable"},"jetpack_sharing_enabled":true,"_links":{"self":[{"href":"https:\/\/officemanager.se\/index.php\/wp-json\/wp\/v2\/product\/837","targetHints":{"allow":["GET"]}}],"collection":[{"href":"https:\/\/officemanager.se\/index.php\/wp-json\/wp\/v2\/product"}],"about":[{"href":"https:\/\/officemanager.se\/index.php\/wp-json\/wp\/v2\/types\/product"}],"replies":[{"embeddable":true,"href":"https:\/\/officemanager.se\/index.php\/wp-json\/wp\/v2\/comments?post=837"}],"wp:featuredmedia":[{"embeddable":true,"href":"https:\/\/officemanager.se\/index.php\/wp-json\/wp\/v2\/media\/842"}],"wp:attachment":[{"href":"https:\/\/officemanager.se\/index.php\/wp-json\/wp\/v2\/media?parent=837"}],"wp:term":[{"taxonomy":"product_brand","embeddable":true,"href":"https:\/\/officemanager.se\/index.php\/wp-json\/wp\/v2\/product_brand?post=837"},{"taxonomy":"product_cat","embeddable":true,"href":"https:\/\/officemanager.se\/index.php\/wp-json\/wp\/v2\/product_cat?post=837"},{"taxonomy":"product_tag","embeddable":true,"href":"https:\/\/officemanager.se\/index.php\/wp-json\/wp\/v2\/product_tag?post=837"}],"curies":[{"name":"wp","href":"https:\/\/api.w.org\/{rel}","templated":true}]}}