{"id":851,"date":"2025-11-17T11:13:50","date_gmt":"2025-11-17T11:13:50","guid":{"rendered":"https:\/\/officemanager.se\/?post_type=product&#038;p=851"},"modified":"2025-11-17T11:19:52","modified_gmt":"2025-11-17T11:19:52","slug":"register-1-31","status":"publish","type":"product","link":"https:\/\/officemanager.se\/index.php\/produkt\/register-1-31\/","title":{"rendered":"Register 1-31, plast"},"content":{"rendered":"<p>Klassisk register f\u00f6r p\u00e4rmar med flikar i PP plast och framsida i f\u00f6rst\u00e4rkt papper.<br \/>\nA4 register med indexssida och flikar. Multih\u00e5lningar f\u00f6r 2,3,4 och Svensk h\u00e5lning. Tillverkad i 130 micron PP plast och 105 grams indexsida i papper.<\/p>\n","protected":false},"excerpt":{"rendered":"<p>Register, 1-31<\/p>\n","protected":false},"featured_media":852,"comment_status":"open","ping_status":"closed","template":"","meta":[],"product_brand":[],"product_cat":[31,63],"product_tag":[65],"class_list":{"0":"post-851","1":"product","2":"type-product","3":"status-publish","4":"has-post-thumbnail","6":"product_cat-kontoret","7":"product_cat-parmar-register","8":"product_tag-register","10":"first","11":"instock","12":"taxable","13":"shipping-taxable","14":"product-type-simple"},"jetpack_sharing_enabled":true,"_links":{"self":[{"href":"https:\/\/officemanager.se\/index.php\/wp-json\/wp\/v2\/product\/851","targetHints":{"allow":["GET"]}}],"collection":[{"href":"https:\/\/officemanager.se\/index.php\/wp-json\/wp\/v2\/product"}],"about":[{"href":"https:\/\/officemanager.se\/index.php\/wp-json\/wp\/v2\/types\/product"}],"replies":[{"embeddable":true,"href":"https:\/\/officemanager.se\/index.php\/wp-json\/wp\/v2\/comments?post=851"}],"wp:featuredmedia":[{"embeddable":true,"href":"https:\/\/officemanager.se\/index.php\/wp-json\/wp\/v2\/media\/852"}],"wp:attachment":[{"href":"https:\/\/officemanager.se\/index.php\/wp-json\/wp\/v2\/media?parent=851"}],"wp:term":[{"taxonomy":"product_brand","embeddable":true,"href":"https:\/\/officemanager.se\/index.php\/wp-json\/wp\/v2\/product_brand?post=851"},{"taxonomy":"product_cat","embeddable":true,"href":"https:\/\/officemanager.se\/index.php\/wp-json\/wp\/v2\/product_cat?post=851"},{"taxonomy":"product_tag","embeddable":true,"href":"https:\/\/officemanager.se\/index.php\/wp-json\/wp\/v2\/product_tag?post=851"}],"curies":[{"name":"wp","href":"https:\/\/api.w.org\/{rel}","templated":true}]}}