{"id":853,"date":"2025-11-17T11:16:33","date_gmt":"2025-11-17T11:16:33","guid":{"rendered":"https:\/\/officemanager.se\/?post_type=product&#038;p=853"},"modified":"2025-11-17T11:19:38","modified_gmt":"2025-11-17T11:19:38","slug":"register-jan-dec-plast","status":"publish","type":"product","link":"https:\/\/officemanager.se\/index.php\/produkt\/register-jan-dec-plast\/","title":{"rendered":"Register Jan-Dec, plast"},"content":{"rendered":"<p>Klassisk register f\u00f6r p\u00e4rmar med flikar i PP plast och framsida i f\u00f6rst\u00e4rkt papper.<br \/>\nA4 register med indexssida och flikar. Multih\u00e5lningar f\u00f6r 2,3,4 och Svensk h\u00e5lning. Tillverkad i 130 micron PP plast och 105 grams indexsida i papper.<\/p>\n","protected":false},"excerpt":{"rendered":"<p>Register, Jan-Dec<\/p>\n","protected":false},"featured_media":854,"comment_status":"open","ping_status":"closed","template":"","meta":[],"product_brand":[],"product_cat":[31,63],"product_tag":[65],"class_list":{"0":"post-853","1":"product","2":"type-product","3":"status-publish","4":"has-post-thumbnail","6":"product_cat-kontoret","7":"product_cat-parmar-register","8":"product_tag-register","10":"first","11":"instock","12":"taxable","13":"shipping-taxable","14":"product-type-simple"},"jetpack_sharing_enabled":true,"_links":{"self":[{"href":"https:\/\/officemanager.se\/index.php\/wp-json\/wp\/v2\/product\/853","targetHints":{"allow":["GET"]}}],"collection":[{"href":"https:\/\/officemanager.se\/index.php\/wp-json\/wp\/v2\/product"}],"about":[{"href":"https:\/\/officemanager.se\/index.php\/wp-json\/wp\/v2\/types\/product"}],"replies":[{"embeddable":true,"href":"https:\/\/officemanager.se\/index.php\/wp-json\/wp\/v2\/comments?post=853"}],"wp:featuredmedia":[{"embeddable":true,"href":"https:\/\/officemanager.se\/index.php\/wp-json\/wp\/v2\/media\/854"}],"wp:attachment":[{"href":"https:\/\/officemanager.se\/index.php\/wp-json\/wp\/v2\/media?parent=853"}],"wp:term":[{"taxonomy":"product_brand","embeddable":true,"href":"https:\/\/officemanager.se\/index.php\/wp-json\/wp\/v2\/product_brand?post=853"},{"taxonomy":"product_cat","embeddable":true,"href":"https:\/\/officemanager.se\/index.php\/wp-json\/wp\/v2\/product_cat?post=853"},{"taxonomy":"product_tag","embeddable":true,"href":"https:\/\/officemanager.se\/index.php\/wp-json\/wp\/v2\/product_tag?post=853"}],"curies":[{"name":"wp","href":"https:\/\/api.w.org\/{rel}","templated":true}]}}