{"id":942,"date":"2025-12-05T07:24:17","date_gmt":"2025-12-05T07:24:17","guid":{"rendered":"https:\/\/officemanager.se\/?post_type=product&#038;p=942"},"modified":"2026-01-26T09:19:10","modified_gmt":"2026-01-26T09:19:10","slug":"kozo-anteckningsbok-a5-premium-navy","status":"publish","type":"product","link":"https:\/\/officemanager.se\/index.php\/produkt\/kozo-anteckningsbok-a5-premium-navy\/","title":{"rendered":"KOZO Anteckningsbok A5 Premium, finns i flera f\u00e4rger"},"content":{"rendered":"<p>KOZO Premium anteckningsbok \u00e4r definitivt en av de snyggaste anteckningsb\u00f6ckerna p\u00e5 marknaden. Det kraftiga canvasomslaget med vackra detaljer i brons och den kaxigt stora spiralen, \u00e4ven den i brons, g\u00f6r den perfekt att skriva och ta anteckningar i, b\u00e5de n\u00e4r du har den liggandes i kn\u00e4t eller till och med st\u00e5ende utan st\u00f6d. Och givetvis en vacker inredningsdetalj till ditt skrivbord. Att skriva p\u00e5 det cremef\u00e4rgade 100 g pappret ger en lyxig k\u00e4nsla. Alla 80 ark i anteckningsboken har en datumrad uppe till h\u00f6ger, enkelt och praktiskt. Matchar alla andra KOZO skrivbordsartiklar i samma f\u00e4rgnyanser. Finns i flera f\u00e4rger, bl\u00e5, svart, brun, ljusgr\u00f6n och tegelsten.<\/p>\n","protected":false},"excerpt":{"rendered":"<p>KOZO Anteckningsbok A5 Premium<br \/>\n100 gram crem\u00e9f\u00e4rgat papper<br \/>\n80 linjerade ark<br \/>\nKraftig omslag med linnestruktur<br \/>\nStilfulla detaljer i brons<br \/>\nDatumlinjer p\u00e5 varje sida<\/p>\n","protected":false},"featured_media":1295,"comment_status":"open","ping_status":"closed","template":"","meta":[],"product_brand":[21],"product_cat":[31,32,23],"product_tag":[22],"class_list":{"0":"post-942","1":"product","2":"type-product","3":"status-publish","4":"has-post-thumbnail","6":"product_brand-kozo","7":"product_cat-kontoret","8":"product_cat-for-advokater","9":"product_cat-anteckningar-block","10":"product_tag-anteckningsblock","12":"first","13":"instock","14":"taxable","15":"shipping-taxable","16":"product-type-variable"},"jetpack_sharing_enabled":true,"_links":{"self":[{"href":"https:\/\/officemanager.se\/index.php\/wp-json\/wp\/v2\/product\/942","targetHints":{"allow":["GET"]}}],"collection":[{"href":"https:\/\/officemanager.se\/index.php\/wp-json\/wp\/v2\/product"}],"about":[{"href":"https:\/\/officemanager.se\/index.php\/wp-json\/wp\/v2\/types\/product"}],"replies":[{"embeddable":true,"href":"https:\/\/officemanager.se\/index.php\/wp-json\/wp\/v2\/comments?post=942"}],"wp:featuredmedia":[{"embeddable":true,"href":"https:\/\/officemanager.se\/index.php\/wp-json\/wp\/v2\/media\/1295"}],"wp:attachment":[{"href":"https:\/\/officemanager.se\/index.php\/wp-json\/wp\/v2\/media?parent=942"}],"wp:term":[{"taxonomy":"product_brand","embeddable":true,"href":"https:\/\/officemanager.se\/index.php\/wp-json\/wp\/v2\/product_brand?post=942"},{"taxonomy":"product_cat","embeddable":true,"href":"https:\/\/officemanager.se\/index.php\/wp-json\/wp\/v2\/product_cat?post=942"},{"taxonomy":"product_tag","embeddable":true,"href":"https:\/\/officemanager.se\/index.php\/wp-json\/wp\/v2\/product_tag?post=942"}],"curies":[{"name":"wp","href":"https:\/\/api.w.org\/{rel}","templated":true}]}}